{"id":683,"date":"2018-07-25T15:06:14","date_gmt":"2018-07-25T18:06:14","guid":{"rendered":"https:\/\/emad-bue.infd.edu.ar\/sitio\/?page_id=683"},"modified":"2025-03-12T19:18:01","modified_gmt":"2025-03-12T22:18:01","slug":"institucional","status":"publish","type":"page","link":"https:\/\/emad-bue.infd.edu.ar\/sitio\/institucional\/","title":{"rendered":"LA INSTITUCI\u00d3N"},"content":{"rendered":"<p>La Escuela Municipal de Arte Dram\u00e1tico \u201cAngelina Pagano\u201d abri\u00f3 sus puertas en abril de 1979, y desde entonces viene afianzando su labor educativa, formando actores y profesores. En su devenir ha transitado por diferentes espacios, acompa\u00f1ando el crecimiento de la ciudad y enriqueciendo el propio.<\/p>\n<p>Por sus aulas han transitado numerosas personalidades de la cultura esc\u00e9nica: directores, actores, escen\u00f3grafos, dramaturgos, titiriteros, profesores especialistas en diferentes disciplinas; todos movilizados por un quehacer convocante: ofrecer una formaci\u00f3n teatral enriquecida por los aportes de diferentes corrientes disciplinares, promover excelencia en la calidad de sus aprendizajes y desplegar el esp\u00edritu creativo en docentes y alumnos.<\/p>\n<p>A trav\u00e9s del tiempo, y m\u00e1s all\u00e1 de las vicisitudes de cada \u00e9poca, la EMAD ha sostenido la convicci\u00f3n de que Cultura y Educaci\u00f3n se encuentran inexorablemente atravesados por el contexto social Desde este posicionamiento la escuela perfila su orientaci\u00f3n docente, formando actores y profesores de teatro, y se proyecta a la comunidad marplatense, extendiendo sus lazos para poner en escena muestras, temporadas teatrales, talleres, encuentros, seminarios, y otros eventos producidos por estudiantes, actores y profesores, como fiel testimonio del arte y la cultura teatral.<\/p>\n<p>Actualmente se ofrecen dos carreras: Tecnicatura en Actuaci\u00f3n Teatral, con el t\u00edtulo de Actor\/Actriz, y Profesorado de Teatro, con el T\u00edtulo de Profesor\/a de Teatro, a las cuales se accede por medio de una Formaci\u00f3n B\u00e1sica. Los T\u00edtulos otorgados son Oficiales y tienen validez Nacional.<\/p>\n<p>El destacado docente, actor y director teatral Ra\u00fal Serrano, qui\u00e9n con su ampl\u00edsima labor teatral, docente, cinematogr\u00e1fica y televisiva marca huellas fundantes, siendo un aporte inestimable para la historia cultural de nuestro pa\u00eds, es el Padrino Acad\u00e9mico de nuestra instituci\u00f3n.<\/p>\n<p>Premios:<\/p>\n<ul>\n<li>Premio Hipocampo 2000, otorgado en reuni\u00f3n<br \/>\nespecial del Club de Leones de Mar del Plata, por reconocer a la EMAD como\u201cformadora profesional de excelentes actores y actrices, que rinden homenaje al teatro<br \/>\nargentino.\u201d<\/li>\n<li>2012 Premio Estrella de Mar \u00abCarlos Waitz\u00bb.<\/li>\n<li>2013 Premio Hugo Saccoccia otorgado por Argentores<\/li>\n<li>2019 Disinci\u00f3n por parte de la Sociedad General de Autores de la Argentina (Argentores) por la formaci\u00f3n de artistas y docentes, en el marco de los 40 a\u00f1os de existencia, resaltando el proceso de integraci\u00f3n de saberes y disciplinas propias del aprendizaje del lenguaje teatral.<\/li>\n<\/ul>\n<p>&nbsp;<\/p>\n","protected":false},"excerpt":{"rendered":"<p>La Escuela Municipal de Arte Dram\u00e1tico \u201cAngelina Pagano\u201d abri\u00f3 sus puertas en abril de 1979, y desde entonces viene afianzando su labor educativa, formando actores y profesores. En su devenir ha transitado por diferentes espacios, acompa\u00f1ando el crecimiento de la ciudad y enriqueciendo el propio. Por sus aulas han transitado numerosas personalidades de la cultura &#8230; <a title=\"LA INSTITUCI\u00d3N\" class=\"read-more\" href=\"https:\/\/emad-bue.infd.edu.ar\/sitio\/institucional\/\" aria-label=\"More on LA INSTITUCI\u00d3N\">[+]<\/a><\/p>\n","protected":false},"author":6,"featured_media":0,"parent":0,"menu_order":0,"comment_status":"closed","ping_status":"closed","template":"","meta":[],"acf":[],"_links":{"self":[{"href":"https:\/\/emad-bue.infd.edu.ar\/sitio\/wp-json\/wp\/v2\/pages\/683"}],"collection":[{"href":"https:\/\/emad-bue.infd.edu.ar\/sitio\/wp-json\/wp\/v2\/pages"}],"about":[{"href":"https:\/\/emad-bue.infd.edu.ar\/sitio\/wp-json\/wp\/v2\/types\/page"}],"author":[{"embeddable":true,"href":"https:\/\/emad-bue.infd.edu.ar\/sitio\/wp-json\/wp\/v2\/users\/6"}],"replies":[{"embeddable":true,"href":"https:\/\/emad-bue.infd.edu.ar\/sitio\/wp-json\/wp\/v2\/comments?post=683"}],"version-history":[{"count":10,"href":"https:\/\/emad-bue.infd.edu.ar\/sitio\/wp-json\/wp\/v2\/pages\/683\/revisions"}],"predecessor-version":[{"id":2192,"href":"https:\/\/emad-bue.infd.edu.ar\/sitio\/wp-json\/wp\/v2\/pages\/683\/revisions\/2192"}],"wp:attachment":[{"href":"https:\/\/emad-bue.infd.edu.ar\/sitio\/wp-json\/wp\/v2\/media?parent=683"}],"curies":[{"name":"wp","href":"https:\/\/api.w.org\/{rel}","templated":true}]}}