{"id":644,"date":"2018-06-18T14:12:35","date_gmt":"2018-06-18T17:12:35","guid":{"rendered":"https:\/\/emad-bue.infd.edu.ar\/sitio\/?page_id=644"},"modified":"2026-04-08T17:28:40","modified_gmt":"2026-04-08T20:28:40","slug":"catalogo","status":"publish","type":"page","link":"https:\/\/emad-bue.infd.edu.ar\/sitio\/catalogo\/","title":{"rendered":"OFERTA EDUCATIVA"},"content":{"rendered":"\n<p><strong>FORMACI\u00d3N B\u00c1SICA<\/strong><\/p>\n\n\n\n<div class=\"wp-block-file\"><object class=\"wp-block-file__embed\" data=\"https:\/\/emad-bue.infd.edu.ar\/sitio\/wp-content\/uploads\/2026\/04\/DISENO-CURRICULAR-de-FORMACION-BASICA.pdf\" type=\"application\/pdf\" style=\"width:100%;height:600px\" aria-label=\"Incrustado de DISENO-CURRICULAR-de-FORMACION-BASICA.\"><\/object><a id=\"wp-block-file--media-f80d2a3f-3e67-4524-b5c2-36f668e4c678\" href=\"https:\/\/emad-bue.infd.edu.ar\/sitio\/wp-content\/uploads\/2026\/04\/DISENO-CURRICULAR-de-FORMACION-BASICA.pdf\">DISENO-CURRICULAR-de-FORMACION-BASICA<\/a><a href=\"https:\/\/emad-bue.infd.edu.ar\/sitio\/wp-content\/uploads\/2026\/04\/DISENO-CURRICULAR-de-FORMACION-BASICA.pdf\" class=\"wp-block-file__button wp-element-button\" download aria-describedby=\"wp-block-file--media-f80d2a3f-3e67-4524-b5c2-36f668e4c678\">Descarga<\/a><\/div>\n\n\n\n<p><strong>PROFESORADO DE TEATRO<\/strong><\/p>\n\n\n\n<div class=\"wp-block-file\"><object class=\"wp-block-file__embed\" data=\"https:\/\/emad-bue.infd.edu.ar\/sitio\/wp-content\/uploads\/2026\/04\/DISENO-CURRICULAR-de-PROFESORADO-DE-TEATRO.pdf\" type=\"application\/pdf\" style=\"width:100%;height:600px\" aria-label=\"Incrustado de DISENO-CURRICULAR-de-PROFESORADO-DE-TEATRO.\"><\/object><a id=\"wp-block-file--media-90e1053a-2d78-4a7e-857e-6f2279a6b784\" href=\"https:\/\/emad-bue.infd.edu.ar\/sitio\/wp-content\/uploads\/2026\/04\/DISENO-CURRICULAR-de-PROFESORADO-DE-TEATRO.pdf\">DISENO-CURRICULAR-de-PROFESORADO-DE-TEATRO<\/a><a href=\"https:\/\/emad-bue.infd.edu.ar\/sitio\/wp-content\/uploads\/2026\/04\/DISENO-CURRICULAR-de-PROFESORADO-DE-TEATRO.pdf\" class=\"wp-block-file__button wp-element-button\" download aria-describedby=\"wp-block-file--media-90e1053a-2d78-4a7e-857e-6f2279a6b784\">Descarga<\/a><\/div>\n\n\n\n<p><\/p>\n\n\n\n<p><strong>TECNICATURA EN ACTUACI\u00d3N TEATRAL<\/strong><\/p>\n\n\n\n<div class=\"wp-block-file\"><object class=\"wp-block-file__embed\" data=\"https:\/\/emad-bue.infd.edu.ar\/sitio\/wp-content\/uploads\/2026\/04\/DISENO-CURRICULAR-de-TECNICATURA-EN-ACTUACION-TEATRAL.pdf\" type=\"application\/pdf\" style=\"width:100%;height:600px\" aria-label=\"Incrustado de DISENO-CURRICULAR-de-TECNICATURA-EN-ACTUACION-TEATRAL.\"><\/object><a id=\"wp-block-file--media-16d84114-b6ff-498f-a8b9-3bad5e001572\" href=\"https:\/\/emad-bue.infd.edu.ar\/sitio\/wp-content\/uploads\/2026\/04\/DISENO-CURRICULAR-de-TECNICATURA-EN-ACTUACION-TEATRAL.pdf\">DISENO-CURRICULAR-de-TECNICATURA-EN-ACTUACION-TEATRAL<\/a><a href=\"https:\/\/emad-bue.infd.edu.ar\/sitio\/wp-content\/uploads\/2026\/04\/DISENO-CURRICULAR-de-TECNICATURA-EN-ACTUACION-TEATRAL.pdf\" class=\"wp-block-file__button wp-element-button\" download aria-describedby=\"wp-block-file--media-16d84114-b6ff-498f-a8b9-3bad5e001572\">Descarga<\/a><\/div>\n","protected":false},"excerpt":{"rendered":"<p>FORMACI\u00d3N B\u00c1SICA PROFESORADO DE TEATRO TECNICATURA EN ACTUACI\u00d3N TEATRAL<\/p>\n","protected":false},"author":1,"featured_media":0,"parent":0,"menu_order":0,"comment_status":"closed","ping_status":"closed","template":"","meta":[],"acf":[],"_links":{"self":[{"href":"https:\/\/emad-bue.infd.edu.ar\/sitio\/wp-json\/wp\/v2\/pages\/644"}],"collection":[{"href":"https:\/\/emad-bue.infd.edu.ar\/sitio\/wp-json\/wp\/v2\/pages"}],"about":[{"href":"https:\/\/emad-bue.infd.edu.ar\/sitio\/wp-json\/wp\/v2\/types\/page"}],"author":[{"embeddable":true,"href":"https:\/\/emad-bue.infd.edu.ar\/sitio\/wp-json\/wp\/v2\/users\/1"}],"replies":[{"embeddable":true,"href":"https:\/\/emad-bue.infd.edu.ar\/sitio\/wp-json\/wp\/v2\/comments?post=644"}],"version-history":[{"count":18,"href":"https:\/\/emad-bue.infd.edu.ar\/sitio\/wp-json\/wp\/v2\/pages\/644\/revisions"}],"predecessor-version":[{"id":2603,"href":"https:\/\/emad-bue.infd.edu.ar\/sitio\/wp-json\/wp\/v2\/pages\/644\/revisions\/2603"}],"wp:attachment":[{"href":"https:\/\/emad-bue.infd.edu.ar\/sitio\/wp-json\/wp\/v2\/media?parent=644"}],"curies":[{"name":"wp","href":"https:\/\/api.w.org\/{rel}","templated":true}]}}