{"id":2197,"date":"2025-03-12T19:41:48","date_gmt":"2025-03-12T22:41:48","guid":{"rendered":"https:\/\/emad-bue.infd.edu.ar\/sitio\/?page_id=2197"},"modified":"2025-04-03T18:11:24","modified_gmt":"2025-04-03T21:11:24","slug":"normativa-educativa-nacional-y-provincial","status":"publish","type":"page","link":"https:\/\/emad-bue.infd.edu.ar\/sitio\/normativa-educativa-nacional-y-provincial\/","title":{"rendered":"NORMATIVA EDUCATIVA NACIONAL y PROVINCIAL"},"content":{"rendered":"\n<p><strong>LEY DE EDUCACI\u00d3N NACIONAL<\/strong><\/p>\n\n\n\n<p><a href=\"https:\/\/www.argentina.gob.ar\/sites\/default\/files\/ley-de-educ-nac-58ac89392ea4c.pdf\">Microsoft Word &#8211; LEN texto definitivo.doc<\/a><\/p>\n\n\n\n<p><strong>LEY DE EDUCACI\u00d3N DE LA PROVINCIA DE BUENOS AIRES<\/strong><\/p>\n\n\n\n<p><a href=\"https:\/\/www.trabajo.gba.gov.ar\/documentos\/legislacion\/copreti\/Ley%20Provincial%20de%20Educaci%C3%B3n%2013688%20-%20Provincia%20de%20Buenos%20Aires.pdf\">Microsoft Word &#8211; L13688[1].doc<\/a><\/p>\n\n\n\n<p><strong>LEY DE EDUCACI\u00d3N SUPERIOR N\u00ba 24.521<\/strong><\/p>\n\n\n\n<p><a href=\"https:\/\/www.suteba.org.ar\/download\/legislacin-nacional-67825.pdf\">legislacin-nacional-67825.pdf<\/a><\/p>\n\n\n\n<p><strong>DISE\u00d1O CURRICULAR PROFESORADO DE TEATRO D.G.C.y E.<\/strong><\/p>\n\n\n\n<p><a href=\"https:\/\/drive.google.com\/file\/d\/1WxpTmH7l_wpGYM_rjQy8KluE-3silBrT\/view\">DC PROFESORADO DE TEATRO.pdf &#8211; Google Drive<\/a><\/p>\n\n\n\n<p>E<strong>STRUCTURAS CURRICULARES DE FOBA y TECNICATURA EN ACTUACI\u00d3N TEATRAL<\/strong><\/p>\n\n\n\n<p><a href=\"https:\/\/www.terciario.ememoa.esc.edu.ar\/1999_Resolucion%2013253%20FOBA.pdf\">1999_Resolucion 13253 FOBA.pdf<\/a><\/p>\n\n\n\n<p><strong>LEY DE EDUCACI\u00d3N SEXUAL INTEGRAL (ESI)&nbsp;<\/strong><\/p>\n\n\n\n<p><a href=\"https:\/\/www.argentina.gob.ar\/normativa\/nacional\/ley-26150-121222\">Ley 26150\/2006 | Argentina.gob.ar<\/a><\/p>\n\n\n\n<p><strong>LEY DE IDENTIDAD DE G\u00c9NERO<\/strong><\/p>\n\n\n\n<p><a href=\"https:\/\/abc.gob.ar\/secretarias\/sites\/default\/files\/2021-08\/Ly%2026.743%20Identidad%20de%20G%C3%A9nero.pdf\">Ly 26.743 Identidad de G\u00e9nero.pdf<\/a><\/p>\n\n\n\n<p><strong>LEY DE PROTECCION INTEGRAL A LAS MUJERES<\/strong><\/p>\n\n\n\n<p><a href=\"https:\/\/www.argentina.gob.ar\/normativa\/nacional\/ley-26485-152155\">Ley 26485\/2009 | Argentina.gob.ar<\/a><\/p>\n\n\n\n<p><strong>Ley Micaela<\/strong><\/p>\n\n\n\n<p><a href=\"https:\/\/www.argentina.gob.ar\/obras-publicas\/genero-y-diversidad\/ley-micaela#:~:text=La%20Ley%2027499%20fue%20promulgada,y%20Judicial%20de%20la%20Naci%C3%B3n.\">Ley Micaela | Argentina.gob.ar<\/a><\/p>\n\n\n\n<p><strong>GU\u00cdA PARA ABORDAR SITUACIONES DE VIOLENCIAS DE G\u00c9NEROS<\/strong><\/p>\n\n\n\n<p><a href=\"https:\/\/abc.gob.ar\/secretarias\/sites\/default\/files\/2023-08\/Protocolo%20gu%C3%ADa%20de%20actuaci%C3%B3n.pdf\">Protocolo gu\u00eda de actuaci\u00f3n.pdf<\/a><\/p>\n","protected":false},"excerpt":{"rendered":"<p>LEY DE EDUCACI\u00d3N NACIONAL Microsoft Word &#8211; LEN texto definitivo.doc LEY DE EDUCACI\u00d3N DE LA PROVINCIA DE BUENOS AIRES Microsoft Word &#8211; L13688[1].doc LEY DE EDUCACI\u00d3N SUPERIOR N\u00ba 24.521 legislacin-nacional-67825.pdf DISE\u00d1O CURRICULAR PROFESORADO DE TEATRO D.G.C.y E. DC PROFESORADO DE TEATRO.pdf &#8211; Google Drive ESTRUCTURAS CURRICULARES DE FOBA y TECNICATURA EN ACTUACI\u00d3N TEATRAL 1999_Resolucion 13253 &#8230; <a title=\"NORMATIVA EDUCATIVA NACIONAL y PROVINCIAL\" class=\"read-more\" href=\"https:\/\/emad-bue.infd.edu.ar\/sitio\/normativa-educativa-nacional-y-provincial\/\" aria-label=\"More on NORMATIVA EDUCATIVA NACIONAL y PROVINCIAL\">[+]<\/a><\/p>\n","protected":false},"author":25,"featured_media":0,"parent":0,"menu_order":0,"comment_status":"closed","ping_status":"closed","template":"","meta":[],"acf":[],"_links":{"self":[{"href":"https:\/\/emad-bue.infd.edu.ar\/sitio\/wp-json\/wp\/v2\/pages\/2197"}],"collection":[{"href":"https:\/\/emad-bue.infd.edu.ar\/sitio\/wp-json\/wp\/v2\/pages"}],"about":[{"href":"https:\/\/emad-bue.infd.edu.ar\/sitio\/wp-json\/wp\/v2\/types\/page"}],"author":[{"embeddable":true,"href":"https:\/\/emad-bue.infd.edu.ar\/sitio\/wp-json\/wp\/v2\/users\/25"}],"replies":[{"embeddable":true,"href":"https:\/\/emad-bue.infd.edu.ar\/sitio\/wp-json\/wp\/v2\/comments?post=2197"}],"version-history":[{"count":13,"href":"https:\/\/emad-bue.infd.edu.ar\/sitio\/wp-json\/wp\/v2\/pages\/2197\/revisions"}],"predecessor-version":[{"id":2379,"href":"https:\/\/emad-bue.infd.edu.ar\/sitio\/wp-json\/wp\/v2\/pages\/2197\/revisions\/2379"}],"wp:attachment":[{"href":"https:\/\/emad-bue.infd.edu.ar\/sitio\/wp-json\/wp\/v2\/media?parent=2197"}],"curies":[{"name":"wp","href":"https:\/\/api.w.org\/{rel}","templated":true}]}}