{"id":1335,"date":"2020-10-09T10:47:09","date_gmt":"2020-10-09T13:47:09","guid":{"rendered":"https:\/\/emad-bue.infd.edu.ar\/sitio\/?page_id=1335"},"modified":"2020-10-09T10:47:09","modified_gmt":"2020-10-09T13:47:09","slug":"angelina-pagano","status":"publish","type":"page","link":"https:\/\/emad-bue.infd.edu.ar\/sitio\/institucional\/angelina-pagano\/","title":{"rendered":"\u00abAngelina Pagano\u00bb"},"content":{"rendered":"<div>\n<div class=\"\" dir=\"auto\">\n<div id=\"jsc_c_j\" class=\"ecm0bbzt hv4rvrfc ihqw7lf3 dati1w0a\" data-ad-comet-preview=\"message\" data-ad-preview=\"message\">\n<div class=\"j83agx80 cbu4d94t ew0dbk1b irj2b8pg\">\n<div class=\"qzhwtbm6 knvmm38d\">\n<div class=\"kvgmc6g5 cxmmr5t8 oygrvhab hcukyx3x c1et5uql ii04i59q\">\n<div dir=\"auto\">ANGELINA PAGANO (1888-1962)<\/div>\n<div dir=\"auto\"><\/div>\n<div dir=\"auto\">3 de diciembre de 1888 nace Angelina Pagano, profesora y directora de teatro y actriz de cine y teatro argentina.<\/div>\n<div dir=\"auto\">Estudi\u00f3 en el Colegio del Sagrado Coraz\u00f3n de Buenos Aires e hizo estudios de m\u00fasica y canto con el maestro Piazzini. Para perfeccionarse viaj\u00f3 a los 12 a\u00f1os con su t\u00edo Jos\u00e9 Le\u00f3n Pagano, dramaturgo, pintor y cr\u00edtico, a Florencia, Italia, donde estudi\u00f3 Declamaci\u00f3n y Estudios Superiores de Arte Dram\u00e1tico.Para su primer examen de interpretaci\u00f3n eligi\u00f3 la obra Los enamorados de Goldoni. Tan satisfactorio fue que Gabriele D&#8217;Annunzio que estaba en el tribunal examinador le regal\u00f3 un libro con dedicatoria y bautiz\u00f3 como \u00abBlanca Mar\u00eda Pagano\u00bb a uno de los personajes de la obra que a\u00f1os despu\u00e9s la propia Angelina representar\u00eda. Otro de los examinadores era Eleonora Duse, quien la contrat\u00f3 como dama joven para su compa\u00f1\u00eda y fue as\u00ed que pocos meses despu\u00e9s Angelina a los 14 a\u00f1os, debut\u00f3 en el estreno de Francesca da R\u00edmini del propio D&#8217;Annunzio en el Teatro Constanzi de Roma. Permaneci\u00f3 un a\u00f1o en la compa\u00f1\u00eda de Duse participando en diversas piezas y tambi\u00e9n en una gira por ciudades de Italia, Austria, Alemania y Estados Unidos. Con ayuda de su t\u00edo form\u00f3 una compa\u00f1\u00eda dram\u00e1tica con Alejandro Almada . Hicieron obras, entre las cuales obtuvieron singular repercusi\u00f3n las de Florencio S\u00e1nchez, La pobre gente y La gringa. En 1926 hizo una gira representando obras en Brasil y a su regreso cre\u00f3 su Teatro Infantil, un espect\u00e1culo para ni\u00f1os interpretado por ni\u00f1os. En 1935 representa en el Teatro Comedia las obras La enemiga y Dios . Otras obras en las que trabaj\u00f3 fueron:\u201cEl rosal de las runas\u201d, \u201cEl pu\u00f1al de los troveros\u201d y \u201cLa casa sin alma\u201d.<\/div>\n<div dir=\"auto\">En 1917 Angelina Pagano tuvo un temprano encuentro con el cine argentino participando en el filme sin sonido El conde Orsini. En 1939 filma Puerta cerrada y en 1940: El harag\u00e1n de la familia. Continu\u00f3 filmando a las \u00f3rdenes de diversos directores como en :\u201cCasa de mu\u00f1ecas\u201d, \u201cLa pr\u00f3diga\u201d, \u201cRosa de Am\u00e9rica\u201d, \u201cMadame Bovary\u201d y \u201cJuan Globo\u201d.Su \u00faltima participaci\u00f3n en pel\u00edculas fue en Historia del 900, dirigida en 1949 por Hugo del Carril. Fue esposa del actor Francisco Ducasse.Falleci\u00f3 en Buenos Aires el 9 de junio de 1962 a los 73 a\u00f1os. En su homenaje, lleva su nombre una calle de Buenos Aires.<\/div>\n<\/div>\n<\/div>\n<\/div>\n<\/div>\n<\/div>\n<div id=\"jsc_c_k\" class=\"l9j0dhe7\">\n<div class=\"l9j0dhe7\">\n<div>\n<div class=\"bp9cbjyn tqsryivl j83agx80 cbu4d94t ni8dbmo4 stjgntxs l9j0dhe7 k4urcfbm\">\n<div>\n<div class=\"do00u71z ni8dbmo4 stjgntxs l9j0dhe7\">\n<div class=\"pmk7jnqg kr520xx4\"><img decoding=\"async\" loading=\"lazy\" class=\"i09qtzwb n7fi1qx3 datstx6m pmk7jnqg j9ispegn kr520xx4 k4urcfbm bixrwtb6\" src=\"https:\/\/scontent.faep8-2.fna.fbcdn.net\/v\/t1.0-9\/87018627_773186486504657_3285527269929385984_n.jpg?_nc_cat=108&amp;_nc_sid=730e14&amp;_nc_ohc=SM5rf4jBMqgAX8Oaxaw&amp;_nc_oc=AQncFjn2gcl1UoCixhuD0ZEFMqo5n-fFnyEPGlexim8cOwDQLuB941IB_9ycWUt8Bv4&amp;_nc_ht=scontent.faep8-2.fna&amp;oh=0b49ba4decb6b2c1fcadaf406a2aba88&amp;oe=5FA7EE9D\" alt=\"La imagen puede contener: 1 persona, primer plano\" width=\"208\" height=\"297\" \/><\/div>\n<\/div>\n<\/div>\n<\/div>\n<div class=\"n00je7tq arfg74bv qs9ysxi8 k77z8yql i09qtzwb n7fi1qx3 b5wmifdl hzruof5a pmk7jnqg j9ispegn kr520xx4 c5ndavph art1omkt ot9fgl3s\" data-visualcompletion=\"ignore\"><a href=\"https:\/\/es.wikipedia.org\/wiki\/Angelina_Pagano#:~:text=Angelina%20Pagano%20(Buenos%20Aires%2C%20Argentina,de%20cine%20y%20teatro%20argentina.\" target=\"_blank\" rel=\"noopener\">\u00abAngelina Pagano\u00bb<\/a><\/div>\n<\/div>\n<\/div>\n<\/div>\n<\/div>\n<div>\n<div class=\"stjgntxs ni8dbmo4 l82x9zwi uo3d90p7 h905i5nu monazrh9\" data-visualcompletion=\"ignore-dynamic\">\n<div class=\"a8nywdso e5nlhep0 rz4wbd8a ecm0bbzt dhix69tm oygrvhab wkznzc2l kvgmc6g5 k7cz35w2 jq4qci2q j83agx80\">\n<div class=\"oajrlxb2 bp9cbjyn g5ia77u1 mtkw9kbi tlpljxtp qensuy8j ppp5ayq2 goun2846 ccm00jje s44p3ltw mk2mc5f4 rt8b4zig n8ej3o3l agehan2d sk4xxmp2 rq0escxv nhd2j8a9 j83agx80 rj1gh0hx btwxx1t3 pfnyh3mw p7hjln8o kvgmc6g5 cxmmr5t8 oygrvhab hcukyx3x tgvbjcpo hpfvmrgz jb3vyjys rz4wbd8a qt6c0cv9 a8nywdso l9j0dhe7 i1ao9s8h esuyzwwr f1sip0of du4w35lb lzcic4wl abiwlrkh p8dawk7l buofh1pr k7cz35w2 taijpn5t ms05siws flx89l3n ogy3fsii\" tabindex=\"0\" role=\"button\" aria-label=\"Enviar esto a tus amigos o publicarlo en tu biograf\u00eda\">\n<div class=\"n00je7tq arfg74bv qs9ysxi8 k77z8yql i09qtzwb n7fi1qx3 b5wmifdl hzruof5a pmk7jnqg j9ispegn kr520xx4 c5ndavph art1omkt ot9fgl3s\" data-visualcompletion=\"ignore\"><\/div>\n<\/div>\n<\/div>\n<\/div>\n<\/div>\n","protected":false},"excerpt":{"rendered":"<p>ANGELINA PAGANO (1888-1962) 3 de diciembre de 1888 nace Angelina Pagano, profesora y directora de teatro y actriz de cine y teatro argentina. Estudi\u00f3 en el Colegio del Sagrado Coraz\u00f3n de Buenos Aires e hizo estudios de m\u00fasica y canto con el maestro Piazzini. Para perfeccionarse viaj\u00f3 a los 12 a\u00f1os con su t\u00edo Jos\u00e9 &#8230; <a title=\"\u00abAngelina Pagano\u00bb\" class=\"read-more\" href=\"https:\/\/emad-bue.infd.edu.ar\/sitio\/institucional\/angelina-pagano\/\" aria-label=\"More on \u00abAngelina Pagano\u00bb\">[+]<\/a><\/p>\n","protected":false},"author":13,"featured_media":0,"parent":683,"menu_order":0,"comment_status":"closed","ping_status":"closed","template":"","meta":[],"acf":[],"_links":{"self":[{"href":"https:\/\/emad-bue.infd.edu.ar\/sitio\/wp-json\/wp\/v2\/pages\/1335"}],"collection":[{"href":"https:\/\/emad-bue.infd.edu.ar\/sitio\/wp-json\/wp\/v2\/pages"}],"about":[{"href":"https:\/\/emad-bue.infd.edu.ar\/sitio\/wp-json\/wp\/v2\/types\/page"}],"author":[{"embeddable":true,"href":"https:\/\/emad-bue.infd.edu.ar\/sitio\/wp-json\/wp\/v2\/users\/13"}],"replies":[{"embeddable":true,"href":"https:\/\/emad-bue.infd.edu.ar\/sitio\/wp-json\/wp\/v2\/comments?post=1335"}],"version-history":[{"count":1,"href":"https:\/\/emad-bue.infd.edu.ar\/sitio\/wp-json\/wp\/v2\/pages\/1335\/revisions"}],"predecessor-version":[{"id":1336,"href":"https:\/\/emad-bue.infd.edu.ar\/sitio\/wp-json\/wp\/v2\/pages\/1335\/revisions\/1336"}],"up":[{"embeddable":true,"href":"https:\/\/emad-bue.infd.edu.ar\/sitio\/wp-json\/wp\/v2\/pages\/683"}],"wp:attachment":[{"href":"https:\/\/emad-bue.infd.edu.ar\/sitio\/wp-json\/wp\/v2\/media?parent=1335"}],"curies":[{"name":"wp","href":"https:\/\/api.w.org\/{rel}","templated":true}]}}