{"id":1270,"date":"2020-10-05T16:03:08","date_gmt":"2020-10-05T19:03:08","guid":{"rendered":"https:\/\/emad-bue.infd.edu.ar\/sitio\/?page_id=1270"},"modified":"2023-04-05T20:43:13","modified_gmt":"2023-04-05T23:43:13","slug":"c-a-i","status":"publish","type":"page","link":"https:\/\/emad-bue.infd.edu.ar\/sitio\/institucional\/c-a-i\/","title":{"rendered":"C.A.I."},"content":{"rendered":"<p><strong>Integrantes del C.A.I (Consejo Acad\u00e9mico Institucional)<\/strong><\/p>\n<p><strong>Directora:<\/strong> Prof. Silvia Bustos.<\/p>\n<p><strong>Claustro Docente:<\/strong><\/p>\n<p>Prof. Maddonni Sandra.<\/p>\n<p>Prof. Castro Claudia.<\/p>\n<p>Prof. Mar\u00eda Soledad Peralta.<\/p>\n<p>Prof. Meza Wilda.<\/p>\n<p>Prof. Ayestar\u00e1n Leonor.<\/p>\n<p>EMATP Nicol\u00e1s Alvarez Lozzi.<\/p>\n<p><strong>Claustro Estudiantil:<\/strong><\/p>\n<p><strong>Titulares<\/strong><\/p>\n<p>-A determinar (Profesorado)<br \/>\n-A determinar (Tecnicatura)<\/p>\n<p>-A determinar (Profesorado)<br \/>\n-A determinar (Profesorado)<br \/>\n-A determinar (Tecnicatura)<\/p>\n<p><strong>\u00a0Suplentes<\/strong><\/p>\n<p>-A determinar (Tecnicatura)<br \/>\n-A determinar (Profesorado)<br \/>\n-A determinar (Profesorado)<br \/>\n-A determinar (Profesorado)<\/p>\n<p><strong><a href=\"https:\/\/emad-bue.infd.edu.ar\/sitio\/wp-content\/uploads\/2020\/10\/anexos_resolucion_cai_2009.pdf\" target=\"_blank\" rel=\"noopener\">Marco Normativo del Consejo Acad\u00e9mico Institucional (anexo CAI 2009 de la Resoluci\u00f3n 4044\/09)<\/a><\/strong><\/p>\n","protected":false},"excerpt":{"rendered":"<p>Integrantes del C.A.I (Consejo Acad\u00e9mico Institucional) Directora: Prof. Silvia Bustos. Claustro Docente: Prof. Maddonni Sandra. Prof. Castro Claudia. Prof. Mar\u00eda Soledad Peralta. Prof. Meza Wilda. Prof. Ayestar\u00e1n Leonor. EMATP Nicol\u00e1s Alvarez Lozzi. Claustro Estudiantil: Titulares -A determinar (Profesorado) -A determinar (Tecnicatura) -A determinar (Profesorado) -A determinar (Profesorado) -A determinar (Tecnicatura) \u00a0Suplentes -A determinar (Tecnicatura) -A &#8230; <a title=\"C.A.I.\" class=\"read-more\" href=\"https:\/\/emad-bue.infd.edu.ar\/sitio\/institucional\/c-a-i\/\" aria-label=\"More on C.A.I.\">[+]<\/a><\/p>\n","protected":false},"author":13,"featured_media":0,"parent":683,"menu_order":0,"comment_status":"closed","ping_status":"closed","template":"","meta":[],"acf":[],"_links":{"self":[{"href":"https:\/\/emad-bue.infd.edu.ar\/sitio\/wp-json\/wp\/v2\/pages\/1270"}],"collection":[{"href":"https:\/\/emad-bue.infd.edu.ar\/sitio\/wp-json\/wp\/v2\/pages"}],"about":[{"href":"https:\/\/emad-bue.infd.edu.ar\/sitio\/wp-json\/wp\/v2\/types\/page"}],"author":[{"embeddable":true,"href":"https:\/\/emad-bue.infd.edu.ar\/sitio\/wp-json\/wp\/v2\/users\/13"}],"replies":[{"embeddable":true,"href":"https:\/\/emad-bue.infd.edu.ar\/sitio\/wp-json\/wp\/v2\/comments?post=1270"}],"version-history":[{"count":9,"href":"https:\/\/emad-bue.infd.edu.ar\/sitio\/wp-json\/wp\/v2\/pages\/1270\/revisions"}],"predecessor-version":[{"id":2012,"href":"https:\/\/emad-bue.infd.edu.ar\/sitio\/wp-json\/wp\/v2\/pages\/1270\/revisions\/2012"}],"up":[{"embeddable":true,"href":"https:\/\/emad-bue.infd.edu.ar\/sitio\/wp-json\/wp\/v2\/pages\/683"}],"wp:attachment":[{"href":"https:\/\/emad-bue.infd.edu.ar\/sitio\/wp-json\/wp\/v2\/media?parent=1270"}],"curies":[{"name":"wp","href":"https:\/\/api.w.org\/{rel}","templated":true}]}}