{"id":1251,"date":"2020-10-04T15:13:47","date_gmt":"2020-10-04T18:13:47","guid":{"rendered":"https:\/\/emad-bue.infd.edu.ar\/sitio\/?page_id=1251"},"modified":"2026-03-11T15:11:11","modified_gmt":"2026-03-11T18:11:11","slug":"solicitud-de-equivalencias","status":"publish","type":"page","link":"https:\/\/emad-bue.infd.edu.ar\/sitio\/estudiantes\/solicitud-de-equivalencias\/","title":{"rendered":"EQUIVALENCIAS"},"content":{"rendered":"<p>Un\/a estudiante podr\u00e1 solicitar equivalencias de una determinada asignatura (unidad curricular) cuando hubiera a<strong>probado y acreditado<\/strong> estudios de contenidos similares o equivalentes (con<strong> instancias<\/strong> <strong>finales aprobadas<\/strong>, no cursadas parciales), realizados la misma Instituci\u00f3n, en otra Instituci\u00f3n de Nivel Superior (oficial o privada debidamente reconocida), o en una universidad.<\/p>\n<p>Tal como lo establece el \u00edtem 8.10 del Anexo 1 del nuevo RAM (Resoluci\u00f3n 4196\/24), las <strong>unidades curriculares acreditadas no pierden<\/strong> <strong>vigencia<\/strong>, por lo tanto, se pueden pedir equivalencias sin tener en cuenta la fecha en la que se aprob\u00f3 el examen final.<\/p>\n<p><strong>Per\u00edodo de recepci\u00f3n de solicitudes<\/strong>: desde el 1\u00b0 de marzo al 30 de abril de cada ciclo lectivo.<\/p>\n<p>La solicitud de equivalencias se realiza en el per\u00edodo indicado, luego de la inscripci\u00f3n a las carreras y la matriculaci\u00f3n. En primer lugar, descargar el extracto correspondiente al tema \u00abEquivalencias\u00bb, de la nuevo Reglamento Marco Jurisdiccional para el Nivel Superior. Una vez le\u00eddo el instructivo, descargar y llenar los formularios, que dar\u00e1n inicio efectivo a la gesti\u00f3n de solicitud de matr\u00edcula.<\/p>\n<p><strong>EXTRACTO DE LA RESOLUCI\u00d3N N\u00b0 4196\/24: R\u00c9GIMEN ACAD\u00c9MICO MARCO JURISDICCIONAL DEL NIVEL SUPERIOR<\/strong><\/p>\n\n\n<div class=\"wp-block-file\"><object class=\"wp-block-file__embed\" data=\"https:\/\/emad-bue.infd.edu.ar\/sitio\/wp-content\/uploads\/2025\/03\/EXTRACTO-DE-LA-RESOLUCION-4196-Equivalencias.pdf\" type=\"application\/pdf\" style=\"width:100%;height:600px\" aria-label=\"Incrustado de EXTRACTO-DE-LA-RESOLUCION-4196-Equivalencias.\"><\/object><a id=\"wp-block-file--media-a930645e-031e-4656-94bd-a3f99e6025b2\" href=\"https:\/\/emad-bue.infd.edu.ar\/sitio\/wp-content\/uploads\/2025\/03\/EXTRACTO-DE-LA-RESOLUCION-4196-Equivalencias.pdf\">EXTRACTO-DE-LA-RESOLUCION-4196-Equivalencias<\/a><a href=\"https:\/\/emad-bue.infd.edu.ar\/sitio\/wp-content\/uploads\/2025\/03\/EXTRACTO-DE-LA-RESOLUCION-4196-Equivalencias.pdf\" class=\"wp-block-file__button wp-element-button\" download aria-describedby=\"wp-block-file--media-a930645e-031e-4656-94bd-a3f99e6025b2\">Descarga<\/a><\/div>\n\n\n\n<p><strong>FORMULARIO \u00abSOLICITUD DE EQUIVALENCIA\u00bb &#8211; RESUMEN<\/strong><\/p>\n\n\n\n<div class=\"wp-block-file\"><object class=\"wp-block-file__embed\" data=\"https:\/\/emad-bue.infd.edu.ar\/sitio\/wp-content\/uploads\/2025\/03\/SOLICITUD-DE-EQUIVALENCIA.-RESUMEN-1.pdf\" type=\"application\/pdf\" style=\"width:100%;height:600px\" aria-label=\"Incrustado de SOLICITUD-DE-EQUIVALENCIA.-RESUMEN-1.\"><\/object><a id=\"wp-block-file--media-4f968c1e-8ebf-46c3-bf3d-adc94276dfa4\" href=\"https:\/\/emad-bue.infd.edu.ar\/sitio\/wp-content\/uploads\/2025\/03\/SOLICITUD-DE-EQUIVALENCIA.-RESUMEN-1.pdf\">SOLICITUD-DE-EQUIVALENCIA.-RESUMEN-1<\/a><a href=\"https:\/\/emad-bue.infd.edu.ar\/sitio\/wp-content\/uploads\/2025\/03\/SOLICITUD-DE-EQUIVALENCIA.-RESUMEN-1.pdf\" class=\"wp-block-file__button wp-element-button\" download aria-describedby=\"wp-block-file--media-4f968c1e-8ebf-46c3-bf3d-adc94276dfa4\">Descarga<\/a><\/div>\n\n\n\n<p><strong>FORMULARIO \u00abEQUIVALENCIAS POR UNIDADES CURRICULARES\u00bb<\/strong><\/p>\n\n\n\n<div class=\"wp-block-file\"><object class=\"wp-block-file__embed\" data=\"https:\/\/emad-bue.infd.edu.ar\/sitio\/wp-content\/uploads\/2026\/03\/Solicitud-de-equivalencia-por-Unidad-Curricular-1.pdf\" type=\"application\/pdf\" style=\"width:100%;height:600px\" aria-label=\"Incrustado de Solicitud-de-equivalencia-por-Unidad-Curricular-1.\"><\/object><a id=\"wp-block-file--media-3b903bbe-f912-4436-b0f5-422f60ee2820\" href=\"https:\/\/emad-bue.infd.edu.ar\/sitio\/wp-content\/uploads\/2026\/03\/Solicitud-de-equivalencia-por-Unidad-Curricular-1.pdf\">Solicitud-de-equivalencia-por-Unidad-Curricular-1<\/a><a href=\"https:\/\/emad-bue.infd.edu.ar\/sitio\/wp-content\/uploads\/2026\/03\/Solicitud-de-equivalencia-por-Unidad-Curricular-1.pdf\" class=\"wp-block-file__button wp-element-button\" download aria-describedby=\"wp-block-file--media-3b903bbe-f912-4436-b0f5-422f60ee2820\">Descarga<\/a><\/div>\n\n\n\n<p><strong>EQUIVALENCIAS AUTOM\u00c1TICAS DE UNIDADES CURRICULARES COMUNES A AMBAS CARRERAS<\/strong><\/p>\n\n\n\n<div class=\"wp-block-file\"><object class=\"wp-block-file__embed\" data=\"https:\/\/emad-bue.infd.edu.ar\/sitio\/wp-content\/uploads\/2025\/12\/EQUIVALENCIAS-AUTOMATICAS-DE-UNIDADES-CURRICULARES-COMUNES-A-AMBAS-CARRERAS.pdf\" type=\"application\/pdf\" style=\"width:100%;height:600px\" aria-label=\"Incrustado de EQUIVALENCIAS-AUTOMATICAS-DE-UNIDADES-CURRICULARES-COMUNES-A-AMBAS-CARRERAS.\"><\/object><a id=\"wp-block-file--media-19e07437-18a9-48c5-a260-aa7a863729e3\" href=\"https:\/\/emad-bue.infd.edu.ar\/sitio\/wp-content\/uploads\/2025\/12\/EQUIVALENCIAS-AUTOMATICAS-DE-UNIDADES-CURRICULARES-COMUNES-A-AMBAS-CARRERAS.pdf\">EQUIVALENCIAS-AUTOMATICAS-DE-UNIDADES-CURRICULARES-COMUNES-A-AMBAS-CARRERAS<\/a><a href=\"https:\/\/emad-bue.infd.edu.ar\/sitio\/wp-content\/uploads\/2025\/12\/EQUIVALENCIAS-AUTOMATICAS-DE-UNIDADES-CURRICULARES-COMUNES-A-AMBAS-CARRERAS.pdf\" class=\"wp-block-file__button wp-element-button\" download aria-describedby=\"wp-block-file--media-19e07437-18a9-48c5-a260-aa7a863729e3\">Descarga<\/a><\/div>\n","protected":false},"excerpt":{"rendered":"<p>Un\/a estudiante podr\u00e1 solicitar equivalencias de una determinada asignatura (unidad curricular) cuando hubiera aprobado y acreditado estudios de contenidos similares o equivalentes (con instancias finales aprobadas, no cursadas parciales), realizados la misma Instituci\u00f3n, en otra Instituci\u00f3n de Nivel Superior (oficial o privada debidamente reconocida), o en una universidad. Tal como lo establece el \u00edtem 8.10 &#8230; <a title=\"EQUIVALENCIAS\" class=\"read-more\" href=\"https:\/\/emad-bue.infd.edu.ar\/sitio\/estudiantes\/solicitud-de-equivalencias\/\" aria-label=\"More on EQUIVALENCIAS\">[+]<\/a><\/p>\n","protected":false},"author":13,"featured_media":0,"parent":692,"menu_order":0,"comment_status":"closed","ping_status":"closed","template":"","meta":[],"acf":[],"_links":{"self":[{"href":"https:\/\/emad-bue.infd.edu.ar\/sitio\/wp-json\/wp\/v2\/pages\/1251"}],"collection":[{"href":"https:\/\/emad-bue.infd.edu.ar\/sitio\/wp-json\/wp\/v2\/pages"}],"about":[{"href":"https:\/\/emad-bue.infd.edu.ar\/sitio\/wp-json\/wp\/v2\/types\/page"}],"author":[{"embeddable":true,"href":"https:\/\/emad-bue.infd.edu.ar\/sitio\/wp-json\/wp\/v2\/users\/13"}],"replies":[{"embeddable":true,"href":"https:\/\/emad-bue.infd.edu.ar\/sitio\/wp-json\/wp\/v2\/comments?post=1251"}],"version-history":[{"count":13,"href":"https:\/\/emad-bue.infd.edu.ar\/sitio\/wp-json\/wp\/v2\/pages\/1251\/revisions"}],"predecessor-version":[{"id":2559,"href":"https:\/\/emad-bue.infd.edu.ar\/sitio\/wp-json\/wp\/v2\/pages\/1251\/revisions\/2559"}],"up":[{"embeddable":true,"href":"https:\/\/emad-bue.infd.edu.ar\/sitio\/wp-json\/wp\/v2\/pages\/692"}],"wp:attachment":[{"href":"https:\/\/emad-bue.infd.edu.ar\/sitio\/wp-json\/wp\/v2\/media?parent=1251"}],"curies":[{"name":"wp","href":"https:\/\/api.w.org\/{rel}","templated":true}]}}